{"id":1746,"date":"2012-04-09T14:21:14","date_gmt":"2012-04-09T13:21:14","guid":{"rendered":"http:\/\/neu.gillacremer.de\/kontakt"},"modified":"2025-02-24T14:51:18","modified_gmt":"2025-02-24T13:51:18","slug":"contact","status":"publish","type":"page","link":"https:\/\/www.gillacremer.de\/en\/contact","title":{"rendered":"contact"},"content":{"rendered":"\t\t<div data-elementor-type=\"wp-post\" data-elementor-id=\"1746\" class=\"elementor elementor-1746 elementor-16\">\n\t\t\t\t\t\t<section class=\"elementor-section elementor-top-section elementor-element elementor-element-a61b1f elementor-section-boxed elementor-section-height-default elementor-section-height-default\" data-id=\"a61b1f\" data-element_type=\"section\">\n\t\t\t\t\t\t<div class=\"elementor-container elementor-column-gap-extended\">\n\t\t\t\t\t<div class=\"elementor-column elementor-col-100 elementor-top-column elementor-element elementor-element-3b352ed6\" data-id=\"3b352ed6\" data-element_type=\"column\">\n\t\t\t<div class=\"elementor-widget-wrap elementor-element-populated\">\n\t\t\t\t\t\t<div class=\"elementor-element elementor-element-00b17aa elementor-widget elementor-widget-heading\" data-id=\"00b17aa\" data-element_type=\"widget\" data-widget_type=\"heading.default\">\n\t\t\t\t<div class=\"elementor-widget-container\">\n\t\t\t\t\t<h1 class=\"elementor-heading-title elementor-size-default\">Contact and booking<\/h1>\t\t\t\t<\/div>\n\t\t\t\t<\/div>\n\t\t\t\t<div class=\"elementor-element elementor-element-284b2a77 elementor-widget elementor-widget-text-editor\" data-id=\"284b2a77\" data-element_type=\"widget\" data-widget_type=\"text-editor.default\">\n\t\t\t\t<div class=\"elementor-widget-container\">\n\t\t\t\t\t\t\t\t\t<p><strong>Gilla Cremer<\/strong><br \/>Kottwitzstr. 7<br \/>20253 Hamburg<br \/>Tel. +49 (0)171-5355150<br \/>E-Mail: <a href=\"mailto:post@gillacremer.de\">post@gillacremer.de<\/a><\/p><p><strong>TV\/Film:<\/strong><\/p><p>ZAV K\u00fcnstlervermittlung<br \/>Monika Kolbe<br \/>Tel: 040-28401521<\/p><p>Fotos auf diesen Seiten von Arno Declair und Bo Lahola und &#8230;<\/p><p>Foto Downloads zu den Produktionen:<br \/><a title=\"externer Link zu www.arnodeclait.net - Seite \u00f6ffnet im neuen Fenster\" href=\"http:\/\/www.arnodeclair.net\/theaterunikate\/\" target=\"_blank\" rel=\"noopener noreferrer\">www.arnodeclair.net\/theaterunikate\/<\/a><br \/><a title=\"externer Link zu www.arnodeclait.net - Seite \u00f6ffnet im neuen Fenster\" href=\"http:\/\/www.arnodeclair.net\/theaterunikate\/dinge\/\" target=\"_blank\" rel=\"noopener noreferrer\">www.arnodeclair.net\/theaterunikate\/dinge\/<\/a><br \/><a title=\"externer Link zu www.arnodeclait.net - Seite \u00f6ffnet im neuen Fenster\" href=\"http:\/\/www.arnodeclair.net\/download\/lilimarleen\/\" target=\"_blank\" rel=\"noopener noreferrer\">www.arnodeclair.net\/download\/lilimarleen\/<\/a><br \/><a title=\"externer Link zu www.arnodeclait.net - Seite \u00f6ffnet im neuen Fenster\" href=\"http:\/\/www.arnodeclair.net\/theaterunikate\/mobbing\/\" target=\"_blank\" rel=\"noopener noreferrer\">www.arnodeclair.net\/theaterunikate\/mobbing\/<\/a><br \/><a title=\"externer Link zu www.arnodeclait.net - Seite \u00f6ffnet im neuen Fenster\" href=\"http:\/\/www.arnodeclair.net\/theaterunikate\/polenta\/\" target=\"_blank\" rel=\"noopener noreferrer\">www.arnodeclair.net\/theaterunikate\/polenta\/<\/a><br \/><a title=\"externer Link zu www.arnodeclait.net - Seite \u00f6ffnet im neuen Fenster\" href=\"http:\/\/www.arnodeclair.net\/theaterunikate\/freundschaft\/\" target=\"_blank\" rel=\"noopener noreferrer\">www.arnodeclair.net\/theaterunikate\/freundschaft\/<\/a><\/p><p>Bitte beachten Sie auch:<br \/><a href=\"http:\/\/www.kaetzler.de\">www.theater-bielefeld.de<br \/>www.kaetzler.de<\/a><br \/><a href=\"http:\/\/www.odinteatret.dk\">www.odinteatret.dk<\/a><br \/><a href=\"http:\/\/www.theaternetzwerk.de\">www.theaternetzwerk.de<\/a><br \/><a href=\"http:\/\/www.hamburgtheater.de\">www.hamburgtheater.de<\/a><br \/><a href=\"http:\/\/www.georggess.de\">Georg Gess<\/a><br \/><a href=\"http:\/\/www.hartmut-uhlemann.de\">Hartmut Uhlemann<\/a><br \/><a href=\"http:\/\/ida-ehre-kulturverein.de\">ida-ehre-kulturverein<\/a><br \/><a href=\"http:\/\/www.gesangsunterricht-hamburg-sasel.de\">Susanna Bottlinger<\/a><br \/><a href=\"http:\/\/www.sterrenbergdesign.de\">www.sterrenbergdesign.de<\/a><br \/><a href=\"http:\/\/www.bofoto.de\">www.bofoto.de<\/a><br \/><a href=\"http:\/\/www.hamburger-kammerspiele.de\">www.hamburger-kammerspiele.de<\/a><br \/><a class=\"\" href=\"http:\/\/www.akademie-der-kuenste.de\/\">www.akademie-der-kuenste.de<\/a><\/p><h2>Imprint:<\/h2><p>Angaben gem\u00e4\u00df \u00a7 5 TMG:<\/p><p>Gilla Cremer<br \/>Kottwitzstr. 7<br \/>20253 Hamburg<br \/>Telefon: 0171 &#8211; 5355150<br \/>E-Mail: post@gillacremer.de<\/p><p>Website gestaltet und umgesetzt von <a href=\"https:\/\/www.akryl.net\" target=\"_blank\" rel=\"noopener\">AKRYL<\/a>, Hamburg<\/p><h3>Wirtschafts-Identifikationsnummer:<\/h3><p>Wirtschafts-Identifikationsnummer gem\u00e4\u00df \u00a7139 c Abgabenordnung:<br \/>51936820456<\/p><h3>Verantwortlich f\u00fcr den Inhalt nach \u00a7 55 Abs. 2 RStV:<\/h3><p>Gilla Cremer, Anschrift siehe oben<\/p><p>Quelle: <em>Impressumgenerator von <a title=\"Link zu externer Seite http:\/\/www.e-recht24.de\/ - \u00f6ffnet in einem neuen Fenster\" href=\"http:\/\/www.e-recht24.de\/\" target=\"_blank\" rel=\"noopener noreferrer\">eRecht24<\/a><\/em><\/p><h2>Haftungsausschluss:<\/h2><p><strong>Haftung f\u00fcr Inhalte<\/strong><\/p><p>Die Inhalte unserer Seiten wurden mit gr\u00f6\u00dfter Sorgfalt erstellt. F\u00fcr die Richtigkeit, Vollst\u00e4ndigkeit und Aktualit\u00e4t der Inhalte k\u00f6nnen wir jedoch keine Gew\u00e4hr \u00fcbernehmen. Als Diensteanbieter sind wir gem\u00e4\u00df \u00a7 7 Abs.1 TMG f\u00fcr eigene Inhalte auf diesen Seiten nach den allgemeinen Gesetzen verantwortlich. Nach \u00a7\u00a7 8 bis 10 TMG sind wir als Diensteanbieter jedoch nicht verpflichtet, \u00fcbermittelte oder gespeicherte fremde Informationen zu \u00fcberwachen oder nach Umst\u00e4nden zu forschen, die auf eine rechtswidrige T\u00e4tigkeit hinweisen. Verpflichtungen zur Entfernung oder Sperrung der Nutzung von Informationen nach den allgemeinen Gesetzen bleiben hiervon unber\u00fchrt. Eine diesbez\u00fcgliche Haftung ist jedoch erst ab dem Zeitpunkt der Kenntnis einer konkreten Rechtsverletzung m\u00f6glich. Bei Bekanntwerden von entsprechenden Rechtsverletzungen werden wir diese Inhalte umgehend entfernen.<\/p><p><strong>Haftung f\u00fcr Links<\/strong><\/p><p>Unser Angebot enth\u00e4lt Links zu externen Webseiten Dritter, auf deren Inhalte wir keinen Einfluss haben. Deshalb k\u00f6nnen wir f\u00fcr diese fremden Inhalte auch keine Gew\u00e4hr \u00fcbernehmen. F\u00fcr die Inhalte der verlinkten Seiten ist stets der jeweilige Anbieter oder Betreiber der Seiten verantwortlich. Die verlinkten Seiten wurden zum Zeitpunkt der Verlinkung auf m\u00f6gliche Rechtsverst\u00f6\u00dfe \u00fcberpr\u00fcft. Rechtswidrige Inhalte waren zum Zeitpunkt der Verlinkung nicht erkennbar. Eine permanente inhaltliche Kontrolle der verlinkten Seiten ist jedoch ohne konkrete Anhaltspunkte einer Rechtsverletzung nicht zumutbar. Bei Bekanntwerden von Rechtsverletzungen werden wir derartige Links umgehend entfernen.<\/p><p><strong>Urheberrecht<\/strong><\/p><p>Die durch die Seitenbetreiber erstellten Inhalte und Werke auf diesen Seiten unterliegen dem deutschen Urheberrecht. Die Vervielf\u00e4ltigung, Bearbeitung, Verbreitung und jede Art der Verwertung au\u00dferhalb der Grenzen des Urheberrechtes bed\u00fcrfen der schriftlichen Zustimmung des jeweiligen Autors bzw. Erstellers. Downloads und Kopien dieser Seite sind nur f\u00fcr den privaten, nicht kommerziellen Gebrauch gestattet. Soweit die Inhalte auf dieser Seite nicht vom Betreiber erstellt wurden, werden die Urheberrechte Dritter beachtet. Insbesondere werden Inhalte Dritter als solche gekennzeichnet. Sollten Sie trotzdem auf eine Urheberrechtsverletzung aufmerksam werden, bitten wir um einen entsprechenden Hinweis. Bei Bekanntwerden von Rechtsverletzungen werden wir derartige Inhalte umgehend entfernen.<\/p><p><em>Quellenangaben: <a title=\"Link zu externer Seite http:\/\/www.e-recht24.de\/muster-disclaimer.htm - \u00f6ffnet in einem neuen Fenster\" href=\"http:\/\/www.e-recht24.de\/muster-disclaimer.htm\" target=\"_blank\" rel=\"noopener noreferrer\">Disclaimer<\/a> von eRecht24, dem Portal zum Internetrecht von Rechtsanwalt S\u00f6ren Siebert<\/em><\/p>\t\t\t\t\t\t\t\t<\/div>\n\t\t\t\t<\/div>\n\t\t\t\t\t<\/div>\n\t\t<\/div>\n\t\t\t\t\t<\/div>\n\t\t<\/section>\n\t\t\t\t<\/div>\n\t\t","protected":false},"excerpt":{"rendered":"<p>Contact and booking Gilla CremerKottwitzstr. 720253 HamburgTel. +49 (0)171-5355150E-Mail: post@gillacremer.de TV\/Film: ZAV K\u00fcnstlervermittlungMonika KolbeTel: 040-28401521 Fotos auf diesen Seiten von Arno Declair und Bo Lahola und &#8230; Foto Downloads zu den Produktionen:www.arnodeclair.net\/theaterunikate\/www.arnodeclair.net\/theaterunikate\/dinge\/www.arnodeclair.net\/download\/lilimarleen\/www.arnodeclair.net\/theaterunikate\/mobbing\/www.arnodeclair.net\/theaterunikate\/polenta\/www.arnodeclair.net\/theaterunikate\/freundschaft\/ Bitte beachten Sie&hellip;<\/p>\n","protected":false},"author":1,"featured_media":0,"parent":0,"menu_order":5,"comment_status":"closed","ping_status":"closed","template":"","meta":{"footnotes":""},"class_list":["post-1746","page","type-page","status-publish","hentry"],"yoast_head":"<!-- This site is optimized with the Yoast SEO plugin v26.8 - https:\/\/yoast.com\/product\/yoast-seo-wordpress\/ -->\n<title>contact - Gilla Cremer<\/title>\n<meta name=\"robots\" content=\"index, follow, max-snippet:-1, max-image-preview:large, max-video-preview:-1\" \/>\n<link rel=\"canonical\" href=\"https:\/\/www.gillacremer.de\/en\/contact\" \/>\n<meta property=\"og:locale\" content=\"en_US\" \/>\n<meta property=\"og:type\" content=\"article\" \/>\n<meta property=\"og:title\" content=\"contact - Gilla Cremer\" \/>\n<meta property=\"og:description\" content=\"Contact and booking Gilla CremerKottwitzstr. 720253 HamburgTel. +49 (0)171-5355150E-Mail: post@gillacremer.de TV\/Film: ZAV K\u00fcnstlervermittlungMonika KolbeTel: 040-28401521 Fotos auf diesen Seiten von Arno Declair und Bo Lahola und &#8230; Foto Downloads zu den Produktionen:www.arnodeclair.net\/theaterunikate\/www.arnodeclair.net\/theaterunikate\/dinge\/www.arnodeclair.net\/download\/lilimarleen\/www.arnodeclair.net\/theaterunikate\/mobbing\/www.arnodeclair.net\/theaterunikate\/polenta\/www.arnodeclair.net\/theaterunikate\/freundschaft\/ Bitte beachten Sie&hellip;\" \/>\n<meta property=\"og:url\" content=\"https:\/\/www.gillacremer.de\/en\/contact\" \/>\n<meta property=\"og:site_name\" content=\"Gilla Cremer\" \/>\n<meta property=\"article:modified_time\" content=\"2025-02-24T13:51:18+00:00\" \/>\n<meta name=\"twitter:card\" content=\"summary_large_image\" \/>\n<meta name=\"twitter:label1\" content=\"Est. reading time\" \/>\n\t<meta name=\"twitter:data1\" content=\"2 minutes\" \/>\n<script type=\"application\/ld+json\" class=\"yoast-schema-graph\">{\"@context\":\"https:\/\/schema.org\",\"@graph\":[{\"@type\":\"WebPage\",\"@id\":\"https:\/\/www.gillacremer.de\/en\/contact\",\"url\":\"https:\/\/www.gillacremer.de\/en\/contact\",\"name\":\"contact - Gilla Cremer\",\"isPartOf\":{\"@id\":\"https:\/\/www.gillacremer.de\/en#website\"},\"datePublished\":\"2012-04-09T13:21:14+00:00\",\"dateModified\":\"2025-02-24T13:51:18+00:00\",\"breadcrumb\":{\"@id\":\"https:\/\/www.gillacremer.de\/en\/contact#breadcrumb\"},\"inLanguage\":\"en-US\",\"potentialAction\":[{\"@type\":\"ReadAction\",\"target\":[\"https:\/\/www.gillacremer.de\/en\/contact\"]}]},{\"@type\":\"BreadcrumbList\",\"@id\":\"https:\/\/www.gillacremer.de\/en\/contact#breadcrumb\",\"itemListElement\":[{\"@type\":\"ListItem\",\"position\":1,\"name\":\"Startseite\",\"item\":\"https:\/\/www.gillacremer.de\/en\"},{\"@type\":\"ListItem\",\"position\":2,\"name\":\"contact\"}]},{\"@type\":\"WebSite\",\"@id\":\"https:\/\/www.gillacremer.de\/en#website\",\"url\":\"https:\/\/www.gillacremer.de\/en\",\"name\":\"Gilla Cremer\",\"description\":\"Theaterproduktionen - Theater Unikate\",\"publisher\":{\"@id\":\"https:\/\/www.gillacremer.de\/en#organization\"},\"potentialAction\":[{\"@type\":\"SearchAction\",\"target\":{\"@type\":\"EntryPoint\",\"urlTemplate\":\"https:\/\/www.gillacremer.de\/en?s={search_term_string}\"},\"query-input\":{\"@type\":\"PropertyValueSpecification\",\"valueRequired\":true,\"valueName\":\"search_term_string\"}}],\"inLanguage\":\"en-US\"},{\"@type\":\"Organization\",\"@id\":\"https:\/\/www.gillacremer.de\/en#organization\",\"name\":\"Gilla Cremer\",\"url\":\"https:\/\/www.gillacremer.de\/en\",\"logo\":{\"@type\":\"ImageObject\",\"inLanguage\":\"en-US\",\"@id\":\"https:\/\/www.gillacremer.de\/en#\/schema\/logo\/image\/\",\"url\":\"https:\/\/www.gillacremer.de\/wp-content\/uploads\/2019\/03\/gilla_cremer_logo.png\",\"contentUrl\":\"https:\/\/www.gillacremer.de\/wp-content\/uploads\/2019\/03\/gilla_cremer_logo.png\",\"width\":400,\"height\":100,\"caption\":\"Gilla Cremer\"},\"image\":{\"@id\":\"https:\/\/www.gillacremer.de\/en#\/schema\/logo\/image\/\"}}]}<\/script>\n<!-- \/ Yoast SEO plugin. -->","yoast_head_json":{"title":"contact - Gilla Cremer","robots":{"index":"index","follow":"follow","max-snippet":"max-snippet:-1","max-image-preview":"max-image-preview:large","max-video-preview":"max-video-preview:-1"},"canonical":"https:\/\/www.gillacremer.de\/en\/contact","og_locale":"en_US","og_type":"article","og_title":"contact - Gilla Cremer","og_description":"Contact and booking Gilla CremerKottwitzstr. 720253 HamburgTel. +49 (0)171-5355150E-Mail: post@gillacremer.de TV\/Film: ZAV K\u00fcnstlervermittlungMonika KolbeTel: 040-28401521 Fotos auf diesen Seiten von Arno Declair und Bo Lahola und &#8230; Foto Downloads zu den Produktionen:www.arnodeclair.net\/theaterunikate\/www.arnodeclair.net\/theaterunikate\/dinge\/www.arnodeclair.net\/download\/lilimarleen\/www.arnodeclair.net\/theaterunikate\/mobbing\/www.arnodeclair.net\/theaterunikate\/polenta\/www.arnodeclair.net\/theaterunikate\/freundschaft\/ Bitte beachten Sie&hellip;","og_url":"https:\/\/www.gillacremer.de\/en\/contact","og_site_name":"Gilla Cremer","article_modified_time":"2025-02-24T13:51:18+00:00","twitter_card":"summary_large_image","twitter_misc":{"Est. reading time":"2 minutes"},"schema":{"@context":"https:\/\/schema.org","@graph":[{"@type":"WebPage","@id":"https:\/\/www.gillacremer.de\/en\/contact","url":"https:\/\/www.gillacremer.de\/en\/contact","name":"contact - Gilla Cremer","isPartOf":{"@id":"https:\/\/www.gillacremer.de\/en#website"},"datePublished":"2012-04-09T13:21:14+00:00","dateModified":"2025-02-24T13:51:18+00:00","breadcrumb":{"@id":"https:\/\/www.gillacremer.de\/en\/contact#breadcrumb"},"inLanguage":"en-US","potentialAction":[{"@type":"ReadAction","target":["https:\/\/www.gillacremer.de\/en\/contact"]}]},{"@type":"BreadcrumbList","@id":"https:\/\/www.gillacremer.de\/en\/contact#breadcrumb","itemListElement":[{"@type":"ListItem","position":1,"name":"Startseite","item":"https:\/\/www.gillacremer.de\/en"},{"@type":"ListItem","position":2,"name":"contact"}]},{"@type":"WebSite","@id":"https:\/\/www.gillacremer.de\/en#website","url":"https:\/\/www.gillacremer.de\/en","name":"Gilla Cremer","description":"Theaterproduktionen - Theater Unikate","publisher":{"@id":"https:\/\/www.gillacremer.de\/en#organization"},"potentialAction":[{"@type":"SearchAction","target":{"@type":"EntryPoint","urlTemplate":"https:\/\/www.gillacremer.de\/en?s={search_term_string}"},"query-input":{"@type":"PropertyValueSpecification","valueRequired":true,"valueName":"search_term_string"}}],"inLanguage":"en-US"},{"@type":"Organization","@id":"https:\/\/www.gillacremer.de\/en#organization","name":"Gilla Cremer","url":"https:\/\/www.gillacremer.de\/en","logo":{"@type":"ImageObject","inLanguage":"en-US","@id":"https:\/\/www.gillacremer.de\/en#\/schema\/logo\/image\/","url":"https:\/\/www.gillacremer.de\/wp-content\/uploads\/2019\/03\/gilla_cremer_logo.png","contentUrl":"https:\/\/www.gillacremer.de\/wp-content\/uploads\/2019\/03\/gilla_cremer_logo.png","width":400,"height":100,"caption":"Gilla Cremer"},"image":{"@id":"https:\/\/www.gillacremer.de\/en#\/schema\/logo\/image\/"}}]}},"_links":{"self":[{"href":"https:\/\/www.gillacremer.de\/en\/wp-json\/wp\/v2\/pages\/1746","targetHints":{"allow":["GET"]}}],"collection":[{"href":"https:\/\/www.gillacremer.de\/en\/wp-json\/wp\/v2\/pages"}],"about":[{"href":"https:\/\/www.gillacremer.de\/en\/wp-json\/wp\/v2\/types\/page"}],"author":[{"embeddable":true,"href":"https:\/\/www.gillacremer.de\/en\/wp-json\/wp\/v2\/users\/1"}],"replies":[{"embeddable":true,"href":"https:\/\/www.gillacremer.de\/en\/wp-json\/wp\/v2\/comments?post=1746"}],"version-history":[{"count":11,"href":"https:\/\/www.gillacremer.de\/en\/wp-json\/wp\/v2\/pages\/1746\/revisions"}],"predecessor-version":[{"id":2007,"href":"https:\/\/www.gillacremer.de\/en\/wp-json\/wp\/v2\/pages\/1746\/revisions\/2007"}],"wp:attachment":[{"href":"https:\/\/www.gillacremer.de\/en\/wp-json\/wp\/v2\/media?parent=1746"}],"curies":[{"name":"wp","href":"https:\/\/api.w.org\/{rel}","templated":true}]}}