{"id":1526,"date":"2019-03-19T01:19:34","date_gmt":"2019-03-19T00:19:34","guid":{"rendered":"http:\/\/neu.gillacremer.de\/vita"},"modified":"2019-04-16T20:27:54","modified_gmt":"2019-04-16T18:27:54","slug":"vita","status":"publish","type":"page","link":"https:\/\/www.gillacremer.de\/en\/vita","title":{"rendered":"Vita"},"content":{"rendered":"\t\t<div data-elementor-type=\"wp-post\" data-elementor-id=\"1526\" class=\"elementor elementor-1526 elementor-725\">\n\t\t\t\t\t\t<section class=\"elementor-section elementor-top-section elementor-element elementor-element-5c9d1a21 elementor-section-full_width elementor-section-height-min-height elementor-section-height-default elementor-section-items-middle\" data-id=\"5c9d1a21\" data-element_type=\"section\" data-settings=\"{&quot;background_background&quot;:&quot;classic&quot;}\">\n\t\t\t\t\t\t\t<div class=\"elementor-background-overlay\"><\/div>\n\t\t\t\t\t\t\t<div class=\"elementor-container elementor-column-gap-no\">\n\t\t\t\t\t<div class=\"elementor-column elementor-col-50 elementor-top-column elementor-element elementor-element-41a70445\" data-id=\"41a70445\" data-element_type=\"column\">\n\t\t\t<div class=\"elementor-widget-wrap elementor-element-populated\">\n\t\t\t\t\t\t<div class=\"elementor-element elementor-element-3c567011 elementor-widget elementor-widget-heading\" data-id=\"3c567011\" data-element_type=\"widget\" data-widget_type=\"heading.default\">\n\t\t\t\t<div class=\"elementor-widget-container\">\n\t\t\t\t\t<h1 class=\"elementor-heading-title elementor-size-default\">Gilla Cremer<\/h1>\t\t\t\t<\/div>\n\t\t\t\t<\/div>\n\t\t\t\t<div class=\"elementor-element elementor-element-5d91177 elementor-widget elementor-widget-text-editor\" data-id=\"5d91177\" data-element_type=\"widget\" data-widget_type=\"text-editor.default\">\n\t\t\t\t<div class=\"elementor-widget-container\">\n\t\t\t\t\t\t\t\t\t<p>Theater UNIKATE<\/p>\t\t\t\t\t\t\t\t<\/div>\n\t\t\t\t<\/div>\n\t\t\t\t<div class=\"elementor-element elementor-element-a55b551 elementor-widget elementor-widget-spacer\" data-id=\"a55b551\" data-element_type=\"widget\" data-widget_type=\"spacer.default\">\n\t\t\t\t<div class=\"elementor-widget-container\">\n\t\t\t\t\t\t\t<div class=\"elementor-spacer\">\n\t\t\t<div class=\"elementor-spacer-inner\"><\/div>\n\t\t<\/div>\n\t\t\t\t\t\t<\/div>\n\t\t\t\t<\/div>\n\t\t\t\t\t<\/div>\n\t\t<\/div>\n\t\t\t\t<div class=\"elementor-column elementor-col-50 elementor-top-column elementor-element elementor-element-5bce2e6\" data-id=\"5bce2e6\" data-element_type=\"column\">\n\t\t\t<div class=\"elementor-widget-wrap\">\n\t\t\t\t\t\t\t<\/div>\n\t\t<\/div>\n\t\t\t\t\t<\/div>\n\t\t<\/section>\n\t\t\t\t<section class=\"elementor-section elementor-top-section elementor-element elementor-element-6f7ffbd elementor-section-boxed elementor-section-height-default elementor-section-height-default\" data-id=\"6f7ffbd\" data-element_type=\"section\">\n\t\t\t\t\t\t<div class=\"elementor-container elementor-column-gap-extended\">\n\t\t\t\t\t<div class=\"elementor-column elementor-col-50 elementor-top-column elementor-element elementor-element-5ea88ea\" data-id=\"5ea88ea\" data-element_type=\"column\" data-settings=\"{&quot;background_background&quot;:&quot;classic&quot;}\">\n\t\t\t<div class=\"elementor-widget-wrap elementor-element-populated\">\n\t\t\t\t\t\t<div class=\"elementor-element elementor-element-e618d74 elementor-widget elementor-widget-heading\" data-id=\"e618d74\" data-element_type=\"widget\" data-widget_type=\"heading.default\">\n\t\t\t\t<div class=\"elementor-widget-container\">\n\t\t\t\t\t<h2 class=\"elementor-heading-title elementor-size-default\">About me<\/h2>\t\t\t\t<\/div>\n\t\t\t\t<\/div>\n\t\t\t\t<div class=\"elementor-element elementor-element-e02869d elementor-widget elementor-widget-text-editor\" data-id=\"e02869d\" data-element_type=\"widget\" data-widget_type=\"text-editor.default\">\n\t\t\t\t<div class=\"elementor-widget-container\">\n\t\t\t\t\t\t\t\t\t<p>BIOGRAPHY<\/p>\t\t\t\t\t\t\t\t<\/div>\n\t\t\t\t<\/div>\n\t\t\t\t<section class=\"elementor-section elementor-inner-section elementor-element elementor-element-019cca9 elementor-section-boxed elementor-section-height-default elementor-section-height-default\" data-id=\"019cca9\" data-element_type=\"section\">\n\t\t\t\t\t\t<div class=\"elementor-container elementor-column-gap-extended\">\n\t\t\t\t\t<div class=\"elementor-column elementor-col-100 elementor-inner-column elementor-element elementor-element-57a03e2\" data-id=\"57a03e2\" data-element_type=\"column\">\n\t\t\t<div class=\"elementor-widget-wrap elementor-element-populated\">\n\t\t\t\t\t\t<div class=\"elementor-element elementor-element-629dc06 elementor-widget elementor-widget-text-editor\" data-id=\"629dc06\" data-element_type=\"widget\" data-widget_type=\"text-editor.default\">\n\t\t\t\t<div class=\"elementor-widget-container\">\n\t\t\t\t\t\t\t\t\t<p>Born 1956 in K\u00f6nigswinter am Rhein, Germany.<br \/>First stage experience gained in the annual pantomime, playing Rumpelstiltskin, Gretel and a May bug. Despite a fairytale-like childhood in the Seven Mountains, it was the fictional Native American hero Winnetou who served as a role model rather than Snow White.<br \/>After taking the school-leaving exams (1976) and then dropping out of university, she travelled for three years, lived in Austin\/Texas, New York 1977\/78 and on Bali 1980\/81.<br \/>Training in modern dance, mask dance, kung fu and mask carving. Work as a waitress, nurse, geriatric nurse, cleaner, secretary and messenger.<br \/>1979 she met Eugenio Barba of the Odin Theatre and his \u201cInternational School of Theatre Anthropology\u201d (ISTA).<br \/>1981 Founding member of the \u201cTheater Tilbut\u201d independent theatre group in Frankfurt.<br \/>Education and training in cooperation with:<br \/>Eugenio Barba \u2013 Odin Teatret at the International School for Theatre Anthropology, Ingemar Lindh \u2013 Institute for Scenekonst, I Made Pasek Tempo, I Made Djimat, G\u00fcnther Einbrodt (formerly Tabori Group), Augusto Fernandez, Werner Schroeter and others.<br \/>1984 Jakob is born.<br \/>1988 Lotta is born.<br \/>Since 1987, mainly worked as a soloist in \u201cTheater Unikate\u201d, her own theatre company, giving both national and international guest performances. Almost all productions are performed in German and English.<\/p>\t\t\t\t\t\t\t\t<\/div>\n\t\t\t\t<\/div>\n\t\t\t\t\t<\/div>\n\t\t<\/div>\n\t\t\t\t\t<\/div>\n\t\t<\/section>\n\t\t\t\t<div class=\"elementor-element elementor-element-cae40ff elementor-widget-divider--view-line elementor-widget elementor-widget-divider\" data-id=\"cae40ff\" data-element_type=\"widget\" data-widget_type=\"divider.default\">\n\t\t\t\t<div class=\"elementor-widget-container\">\n\t\t\t\t\t\t\t<div class=\"elementor-divider\">\n\t\t\t<span class=\"elementor-divider-separator\">\n\t\t\t\t\t\t<\/span>\n\t\t<\/div>\n\t\t\t\t\t\t<\/div>\n\t\t\t\t<\/div>\n\t\t\t\t<section class=\"elementor-section elementor-inner-section elementor-element elementor-element-4b1f848 elementor-section-boxed elementor-section-height-default elementor-section-height-default\" data-id=\"4b1f848\" data-element_type=\"section\">\n\t\t\t\t\t\t<div class=\"elementor-container elementor-column-gap-extended\">\n\t\t\t\t\t<div class=\"elementor-column elementor-col-100 elementor-inner-column elementor-element elementor-element-2e22062\" data-id=\"2e22062\" data-element_type=\"column\">\n\t\t\t<div class=\"elementor-widget-wrap elementor-element-populated\">\n\t\t\t\t\t\t<div class=\"elementor-element elementor-element-23c8386 elementor-widget elementor-widget-image\" data-id=\"23c8386\" data-element_type=\"widget\" data-widget_type=\"image.default\">\n\t\t\t\t<div class=\"elementor-widget-container\">\n\t\t\t\t\t\t\t\t\t\t\t\t\t\t\t<img fetchpriority=\"high\" decoding=\"async\" width=\"1000\" height=\"1000\" src=\"https:\/\/www.gillacremer.de\/wp-content\/uploads\/2019\/04\/gillacremer_vita_2.jpg\" class=\"attachment-large size-large wp-image-936\" alt=\"\" srcset=\"https:\/\/www.gillacremer.de\/wp-content\/uploads\/2019\/04\/gillacremer_vita_2.jpg 1000w, https:\/\/www.gillacremer.de\/wp-content\/uploads\/2019\/04\/gillacremer_vita_2-150x150.jpg 150w, https:\/\/www.gillacremer.de\/wp-content\/uploads\/2019\/04\/gillacremer_vita_2-300x300.jpg 300w, https:\/\/www.gillacremer.de\/wp-content\/uploads\/2019\/04\/gillacremer_vita_2-768x768.jpg 768w, https:\/\/www.gillacremer.de\/wp-content\/uploads\/2019\/04\/gillacremer_vita_2-370x370.jpg 370w, https:\/\/www.gillacremer.de\/wp-content\/uploads\/2019\/04\/gillacremer_vita_2-120x120.jpg 120w, https:\/\/www.gillacremer.de\/wp-content\/uploads\/2019\/04\/gillacremer_vita_2-812x812.jpg 812w, https:\/\/www.gillacremer.de\/wp-content\/uploads\/2019\/04\/gillacremer_vita_2-406x406.jpg 406w\" sizes=\"(max-width: 1000px) 100vw, 1000px\" \/>\t\t\t\t\t\t\t\t\t\t\t\t\t\t\t<\/div>\n\t\t\t\t<\/div>\n\t\t\t\t<div class=\"elementor-element elementor-element-182336e elementor-widget elementor-widget-text-editor\" data-id=\"182336e\" data-element_type=\"widget\" data-widget_type=\"text-editor.default\">\n\t\t\t\t<div class=\"elementor-widget-container\">\n\t\t\t\t\t\t\t\t\t<p>Portrait von Bertold Fabricius<\/p>\t\t\t\t\t\t\t\t<\/div>\n\t\t\t\t<\/div>\n\t\t\t\t\t<\/div>\n\t\t<\/div>\n\t\t\t\t\t<\/div>\n\t\t<\/section>\n\t\t\t\t<div class=\"elementor-element elementor-element-bf76354 elementor-widget-divider--view-line elementor-widget elementor-widget-divider\" data-id=\"bf76354\" data-element_type=\"widget\" data-widget_type=\"divider.default\">\n\t\t\t\t<div class=\"elementor-widget-container\">\n\t\t\t\t\t\t\t<div class=\"elementor-divider\">\n\t\t\t<span class=\"elementor-divider-separator\">\n\t\t\t\t\t\t<\/span>\n\t\t<\/div>\n\t\t\t\t\t\t<\/div>\n\t\t\t\t<\/div>\n\t\t\t\t\t<\/div>\n\t\t<\/div>\n\t\t\t\t<div class=\"elementor-column elementor-col-50 elementor-top-column elementor-element elementor-element-e3b19c2\" data-id=\"e3b19c2\" data-element_type=\"column\" data-settings=\"{&quot;background_background&quot;:&quot;classic&quot;}\">\n\t\t\t<div class=\"elementor-widget-wrap elementor-element-populated\">\n\t\t\t\t\t\t<div class=\"elementor-element elementor-element-60306fa8 elementor-widget elementor-widget-heading\" data-id=\"60306fa8\" data-element_type=\"widget\" data-widget_type=\"heading.default\">\n\t\t\t\t<div class=\"elementor-widget-container\">\n\t\t\t\t\t<h2 class=\"elementor-heading-title elementor-size-default\">Gilla Cremer<\/h2>\t\t\t\t<\/div>\n\t\t\t\t<\/div>\n\t\t\t\t<div class=\"elementor-element elementor-element-c6bf384 elementor-widget elementor-widget-text-editor\" data-id=\"c6bf384\" data-element_type=\"widget\" data-widget_type=\"text-editor.default\">\n\t\t\t\t<div class=\"elementor-widget-container\">\n\t\t\t\t\t\t\t\t\t<p>CHRONOLOGY<\/p>\t\t\t\t\t\t\t\t<\/div>\n\t\t\t\t<\/div>\n\t\t\t\t<div class=\"elementor-element elementor-element-6b8cad4 elementor-widget elementor-widget-text-editor\" data-id=\"6b8cad4\" data-element_type=\"widget\" data-widget_type=\"text-editor.default\">\n\t\t\t\t<div class=\"elementor-widget-container\">\n\t\t\t\t\t\t\t\t\t<p>1987 <strong>ODYSSEE EMBRYONALE (DAS WUNSCHKIND) \u2013 EIN F\u00d6TODRAM<\/strong> by Gilla Cremer and Max Eipp, director: Max Eipp, over 250 performances for German-speaking audiences.<\/p><p>1991 <strong>EINMAL LEBT ICH<\/strong> by Natascha Wodin, director: Max Eipp, co-production with Gallus Theater Frankfurt and Kampnagel Hamburg, supported by Kulturbeh\u00f6rde der Freien Hansestadt Hamburg.<\/p><p>1993 <strong>RITA ALLEIN GEGEN DIE MAFIA<\/strong> by Gilla Cremer, director: Max Eipp, Kammerspiele Hamburg, supported by Kulturbeh\u00f6rde der Freien Hansestadt Hamburg.<\/p><p>1995 <strong>DIE KOMMANDEUSE<\/strong> by Gilla Cremer, director:\u00a0Johannes Kaetzler, Kampnagel Hamburg, (TRILOGIE DES VERSPRECHENS Teil I), supported by Kulturbeh\u00f6rde der Freien Hansestadt Hamburg.<\/p><p>\u00a0<\/p><p>1997 <strong>MORRISON HOTEL<\/strong> by Gilla Cremer, director:\u00a0Johannes Kaetzler, Kampnagel Hamburg, (TRILOGIE DES VERSPRECHENS Teil II)<\/p><p>Guest performances in English of \u201cKommandeuse\u201c and \u201cMorrison Hotel\u201c in Denmark, Netherlands, France, Poland, Hungary and New Zealand.<\/p><p>1999 Participation in the <strong>KOHELET <\/strong>production of the Akko Group from Israel, Kulturstadt in Weimar\/Vienna Festival.<\/p><p>1999 <strong>VATER HAT LAGER<\/strong> by Carl Friedman, director: Michael Heicks, Thalia in der Kunsthalle Hamburg.<\/p><p>2000 <strong>M.E.D.E.A.<\/strong> by Gilla Cremer, TRILOGIE DES VERSPRECHENS Teil III, director: Eva-Maria Martin, Kammerspiele Hamburg, supported by Kulturbeh\u00f6rde der Freien Hansestadt Hamburg.<\/p><p>2001\/2002 Guest at Thalia Theater Hamburg.<\/p><p>2003 <strong>MEERESRAND<\/strong> by V\u00e9ronique Olmi, director: Michael Heicks, in cooperation with Theater Bielefeld and Thalia in der Gau\u00dfstra\u00dfe Hamburg, supported by Kulturbeh\u00f6rde der Freien Hansestadt Hamburg. World premier at Theater Bielefeld, Hamburg premiere at Thalia in der Gau\u00dfstrasse. The stage production is available as an audio book (publishers: Hoffmann &amp; Campe).<\/p><p>2004 <strong>SO ODER SO \u2013 HILDEGARD KNEF<\/strong> by Gilla Cremer, director: Hartmut Uhlemann, coproduction with St. Pauli Theater Hamburg. 2005-2009 the play was performed at Thalia Theater Hamburg. Also available as an audio book (publishers: Hoffmann &amp; Campe).<\/p><p>2006 Guest appearance at Schauspiel Hannover with the play \u201cMobil\u201d.<\/p><p>2007 <strong>WARUM DAS KIND IN DER POLENTA KOCHT<\/strong> by Aglaja Veteranyi, director: Nik G\u00fcnther, Hamburger Sprechwerk, supported by Kulturbeh\u00f6rde der Freien Hansestadt Hamburg.<\/p><p>2007 <strong>FESTIVAL \u201c20 YEARS THEATER UNIKATE\u201d <\/strong>\u2013<strong> Show of 9 productions <\/strong><\/p><p>2008 <strong>MOBBING<\/strong> by Anette Pehnt, director: Michael Heicks, coproduction with Theater Bielefeld and Hamburger Kammerspiele, supported by Kulturbeh\u00f6rde der Freien Hansestadt Hamburg.<\/p><p>Special Award to Gilla Cremer for lasting and exceptional achievements in Hamburg\u2019s world of theatre: THEATERPREIS HAMBURG \u2013 ROLF MARES<\/p><p>2010 <strong>AN ALLEN FRONTEN: LILI MARLEEN &amp; LALE ANDERSEN<\/strong>, Director: Brigitte Landes, coproduction with Theater Wolfsburg and Hamburger Kammerspiele.<\/p><p>Guest appearance at St. Pauli Theater Hamburg in <strong>HEISSE ZEITEN<\/strong>.<\/p><p>\u00a0<\/p><p>2014 <strong>DIE DINGE MEINER ELTERN<\/strong> by Gilla Cremer, director: Dominik G\u00fcnther, coproduction with Theater Wolfsburg and den Hamburger Kammerspiele, supported by Kulturbeh\u00f6rde der Freien Hansestadt Hamburg.<\/p><p>\u00a0<\/p><p>2015 Yoga teacher training with Banyan Gallagher.<\/p><p>2016 <strong>#FREUNDSCHAFT<\/strong> by Gilla Cremer, director: Dominik G\u00fcnther, Hamburger Kammerspiele.<\/p><p>Invitation to India, Tantidhatri Festival Bangalore, with the English version of MEERESRAND, and to Denmark, Transit Festival Holstebro, with \u00a0MY PARENTS\u2019 THINGS.<\/p><p>Special Award for the actress Gilla Cremer for her impressive oeuvre: Inthega Sonderpreis<\/p><p>2018 <strong>FESTIVAL \u201c30 YEARS THEATER UNIKATE\u201d <\/strong>\u2013<strong> Show of 12 productions <\/strong><\/p><p>Special Award: Presentation of the Senator-Biermann-Ratjen-Medal<\/p><p>Acceptance to the Akademie der K\u00fcnste Hamburg.<\/p><p>2019 <strong>WAS MAN VON HIER AUS SEHEN KANN <\/strong>by Mariana Leky, Director: Dominik G\u00fcnther, coproduction with Hamburger Kammerspiele, world premiere 05\u00a0September\u00a02019.<\/p>\t\t\t\t\t\t\t\t<\/div>\n\t\t\t\t<\/div>\n\t\t\t\t<div class=\"elementor-element elementor-element-3fcf068 elementor-widget-divider--view-line elementor-widget elementor-widget-divider\" data-id=\"3fcf068\" data-element_type=\"widget\" data-widget_type=\"divider.default\">\n\t\t\t\t<div class=\"elementor-widget-container\">\n\t\t\t\t\t\t\t<div class=\"elementor-divider\">\n\t\t\t<span class=\"elementor-divider-separator\">\n\t\t\t\t\t\t<\/span>\n\t\t<\/div>\n\t\t\t\t\t\t<\/div>\n\t\t\t\t<\/div>\n\t\t\t\t\t<\/div>\n\t\t<\/div>\n\t\t\t\t\t<\/div>\n\t\t<\/section>\n\t\t\t\t<section class=\"elementor-section elementor-top-section elementor-element elementor-element-f412044 elementor-section-boxed elementor-section-height-default elementor-section-height-default\" data-id=\"f412044\" data-element_type=\"section\">\n\t\t\t\t\t\t<div class=\"elementor-container elementor-column-gap-extended\">\n\t\t\t\t\t<div class=\"elementor-column elementor-col-100 elementor-top-column elementor-element elementor-element-3949da3\" data-id=\"3949da3\" data-element_type=\"column\">\n\t\t\t<div class=\"elementor-widget-wrap elementor-element-populated\">\n\t\t\t\t\t\t<div class=\"elementor-element elementor-element-46b46a5 elementor-align-center elementor-mobile-align-center elementor-widget elementor-widget-button\" data-id=\"46b46a5\" data-element_type=\"widget\" data-widget_type=\"button.default\">\n\t\t\t\t<div class=\"elementor-widget-container\">\n\t\t\t\t\t\t\t\t\t<div class=\"elementor-button-wrapper\">\n\t\t\t\t\t<a class=\"elementor-button elementor-button-link elementor-size-sm\" href=\"\/on-tour\/\">\n\t\t\t\t\t\t<span class=\"elementor-button-content-wrapper\">\n\t\t\t\t\t\t<span class=\"elementor-button-icon\">\n\t\t\t\t\t\t\t\t\t<i class=\"fa fa-arrow-circle-o-right\" aria-hidden=\"true\"><\/i>\n\t\t\t\t\t\t\t<\/span>\n\t\t\t\t\t\t\t\t\t<span class=\"elementor-button-text\">ON TOUR<\/span>\n\t\t\t\t\t<\/span>\n\t\t\t\t\t<\/a>\n\t\t\t\t<\/div>\n\t\t\t\t\t\t\t\t<\/div>\n\t\t\t\t<\/div>\n\t\t\t\t\t<\/div>\n\t\t<\/div>\n\t\t\t\t\t<\/div>\n\t\t<\/section>\n\t\t\t\t<\/div>\n\t\t","protected":false},"excerpt":{"rendered":"<p>Gilla Cremer Theater UNIKATE About me BIOGRAPHY Born 1956 in K\u00f6nigswinter am Rhein, Germany.First stage experience gained in the annual pantomime, playing Rumpelstiltskin, Gretel and a May bug. Despite a fairytale-like childhood in the Seven&hellip;<\/p>\n","protected":false},"author":1,"featured_media":0,"parent":0,"menu_order":0,"comment_status":"closed","ping_status":"closed","template":"elementor_header_footer","meta":{"footnotes":""},"class_list":["post-1526","page","type-page","status-publish","hentry"],"yoast_head":"<!-- This site is optimized with the Yoast SEO plugin v26.8 - https:\/\/yoast.com\/product\/yoast-seo-wordpress\/ -->\n<title>Vita - Gilla Cremer<\/title>\n<meta name=\"robots\" content=\"index, follow, max-snippet:-1, max-image-preview:large, max-video-preview:-1\" \/>\n<link rel=\"canonical\" href=\"https:\/\/www.gillacremer.de\/en\/vita\" \/>\n<meta property=\"og:locale\" content=\"en_US\" \/>\n<meta property=\"og:type\" content=\"article\" \/>\n<meta property=\"og:title\" content=\"Vita - Gilla Cremer\" \/>\n<meta property=\"og:description\" content=\"Gilla Cremer Theater UNIKATE About me BIOGRAPHY Born 1956 in K\u00f6nigswinter am Rhein, Germany.First stage experience gained in the annual pantomime, playing Rumpelstiltskin, Gretel and a May bug. Despite a fairytale-like childhood in the Seven&hellip;\" \/>\n<meta property=\"og:url\" content=\"https:\/\/www.gillacremer.de\/en\/vita\" \/>\n<meta property=\"og:site_name\" content=\"Gilla Cremer\" \/>\n<meta property=\"article:modified_time\" content=\"2019-04-16T18:27:54+00:00\" \/>\n<meta property=\"og:image\" content=\"https:\/\/www.gillacremer.de\/wp-content\/uploads\/2019\/04\/gillacremer_vita_2.jpg\" \/>\n<meta name=\"twitter:card\" content=\"summary_large_image\" \/>\n<meta name=\"twitter:label1\" content=\"Est. reading time\" \/>\n\t<meta name=\"twitter:data1\" content=\"4 minutes\" \/>\n<script type=\"application\/ld+json\" class=\"yoast-schema-graph\">{\"@context\":\"https:\/\/schema.org\",\"@graph\":[{\"@type\":\"WebPage\",\"@id\":\"https:\/\/www.gillacremer.de\/en\/vita\",\"url\":\"https:\/\/www.gillacremer.de\/en\/vita\",\"name\":\"Vita - Gilla Cremer\",\"isPartOf\":{\"@id\":\"https:\/\/www.gillacremer.de\/en#website\"},\"primaryImageOfPage\":{\"@id\":\"https:\/\/www.gillacremer.de\/en\/vita#primaryimage\"},\"image\":{\"@id\":\"https:\/\/www.gillacremer.de\/en\/vita#primaryimage\"},\"thumbnailUrl\":\"https:\/\/www.gillacremer.de\/wp-content\/uploads\/2019\/04\/gillacremer_vita_2.jpg\",\"datePublished\":\"2019-03-19T00:19:34+00:00\",\"dateModified\":\"2019-04-16T18:27:54+00:00\",\"breadcrumb\":{\"@id\":\"https:\/\/www.gillacremer.de\/en\/vita#breadcrumb\"},\"inLanguage\":\"en-US\",\"potentialAction\":[{\"@type\":\"ReadAction\",\"target\":[\"https:\/\/www.gillacremer.de\/en\/vita\"]}]},{\"@type\":\"ImageObject\",\"inLanguage\":\"en-US\",\"@id\":\"https:\/\/www.gillacremer.de\/en\/vita#primaryimage\",\"url\":\"https:\/\/www.gillacremer.de\/wp-content\/uploads\/2019\/04\/gillacremer_vita_2.jpg\",\"contentUrl\":\"https:\/\/www.gillacremer.de\/wp-content\/uploads\/2019\/04\/gillacremer_vita_2.jpg\"},{\"@type\":\"BreadcrumbList\",\"@id\":\"https:\/\/www.gillacremer.de\/en\/vita#breadcrumb\",\"itemListElement\":[{\"@type\":\"ListItem\",\"position\":1,\"name\":\"Startseite\",\"item\":\"https:\/\/www.gillacremer.de\/en\"},{\"@type\":\"ListItem\",\"position\":2,\"name\":\"Vita\"}]},{\"@type\":\"WebSite\",\"@id\":\"https:\/\/www.gillacremer.de\/en#website\",\"url\":\"https:\/\/www.gillacremer.de\/en\",\"name\":\"Gilla Cremer\",\"description\":\"Theaterproduktionen - Theater Unikate\",\"publisher\":{\"@id\":\"https:\/\/www.gillacremer.de\/en#organization\"},\"potentialAction\":[{\"@type\":\"SearchAction\",\"target\":{\"@type\":\"EntryPoint\",\"urlTemplate\":\"https:\/\/www.gillacremer.de\/en?s={search_term_string}\"},\"query-input\":{\"@type\":\"PropertyValueSpecification\",\"valueRequired\":true,\"valueName\":\"search_term_string\"}}],\"inLanguage\":\"en-US\"},{\"@type\":\"Organization\",\"@id\":\"https:\/\/www.gillacremer.de\/en#organization\",\"name\":\"Gilla Cremer\",\"url\":\"https:\/\/www.gillacremer.de\/en\",\"logo\":{\"@type\":\"ImageObject\",\"inLanguage\":\"en-US\",\"@id\":\"https:\/\/www.gillacremer.de\/en#\/schema\/logo\/image\/\",\"url\":\"https:\/\/www.gillacremer.de\/wp-content\/uploads\/2019\/03\/gilla_cremer_logo.png\",\"contentUrl\":\"https:\/\/www.gillacremer.de\/wp-content\/uploads\/2019\/03\/gilla_cremer_logo.png\",\"width\":400,\"height\":100,\"caption\":\"Gilla Cremer\"},\"image\":{\"@id\":\"https:\/\/www.gillacremer.de\/en#\/schema\/logo\/image\/\"}}]}<\/script>\n<!-- \/ Yoast SEO plugin. -->","yoast_head_json":{"title":"Vita - Gilla Cremer","robots":{"index":"index","follow":"follow","max-snippet":"max-snippet:-1","max-image-preview":"max-image-preview:large","max-video-preview":"max-video-preview:-1"},"canonical":"https:\/\/www.gillacremer.de\/en\/vita","og_locale":"en_US","og_type":"article","og_title":"Vita - Gilla Cremer","og_description":"Gilla Cremer Theater UNIKATE About me BIOGRAPHY Born 1956 in K\u00f6nigswinter am Rhein, Germany.First stage experience gained in the annual pantomime, playing Rumpelstiltskin, Gretel and a May bug. Despite a fairytale-like childhood in the Seven&hellip;","og_url":"https:\/\/www.gillacremer.de\/en\/vita","og_site_name":"Gilla Cremer","article_modified_time":"2019-04-16T18:27:54+00:00","og_image":[{"url":"https:\/\/www.gillacremer.de\/wp-content\/uploads\/2019\/04\/gillacremer_vita_2.jpg","type":"","width":"","height":""}],"twitter_card":"summary_large_image","twitter_misc":{"Est. reading time":"4 minutes"},"schema":{"@context":"https:\/\/schema.org","@graph":[{"@type":"WebPage","@id":"https:\/\/www.gillacremer.de\/en\/vita","url":"https:\/\/www.gillacremer.de\/en\/vita","name":"Vita - Gilla Cremer","isPartOf":{"@id":"https:\/\/www.gillacremer.de\/en#website"},"primaryImageOfPage":{"@id":"https:\/\/www.gillacremer.de\/en\/vita#primaryimage"},"image":{"@id":"https:\/\/www.gillacremer.de\/en\/vita#primaryimage"},"thumbnailUrl":"https:\/\/www.gillacremer.de\/wp-content\/uploads\/2019\/04\/gillacremer_vita_2.jpg","datePublished":"2019-03-19T00:19:34+00:00","dateModified":"2019-04-16T18:27:54+00:00","breadcrumb":{"@id":"https:\/\/www.gillacremer.de\/en\/vita#breadcrumb"},"inLanguage":"en-US","potentialAction":[{"@type":"ReadAction","target":["https:\/\/www.gillacremer.de\/en\/vita"]}]},{"@type":"ImageObject","inLanguage":"en-US","@id":"https:\/\/www.gillacremer.de\/en\/vita#primaryimage","url":"https:\/\/www.gillacremer.de\/wp-content\/uploads\/2019\/04\/gillacremer_vita_2.jpg","contentUrl":"https:\/\/www.gillacremer.de\/wp-content\/uploads\/2019\/04\/gillacremer_vita_2.jpg"},{"@type":"BreadcrumbList","@id":"https:\/\/www.gillacremer.de\/en\/vita#breadcrumb","itemListElement":[{"@type":"ListItem","position":1,"name":"Startseite","item":"https:\/\/www.gillacremer.de\/en"},{"@type":"ListItem","position":2,"name":"Vita"}]},{"@type":"WebSite","@id":"https:\/\/www.gillacremer.de\/en#website","url":"https:\/\/www.gillacremer.de\/en","name":"Gilla Cremer","description":"Theaterproduktionen - Theater Unikate","publisher":{"@id":"https:\/\/www.gillacremer.de\/en#organization"},"potentialAction":[{"@type":"SearchAction","target":{"@type":"EntryPoint","urlTemplate":"https:\/\/www.gillacremer.de\/en?s={search_term_string}"},"query-input":{"@type":"PropertyValueSpecification","valueRequired":true,"valueName":"search_term_string"}}],"inLanguage":"en-US"},{"@type":"Organization","@id":"https:\/\/www.gillacremer.de\/en#organization","name":"Gilla Cremer","url":"https:\/\/www.gillacremer.de\/en","logo":{"@type":"ImageObject","inLanguage":"en-US","@id":"https:\/\/www.gillacremer.de\/en#\/schema\/logo\/image\/","url":"https:\/\/www.gillacremer.de\/wp-content\/uploads\/2019\/03\/gilla_cremer_logo.png","contentUrl":"https:\/\/www.gillacremer.de\/wp-content\/uploads\/2019\/03\/gilla_cremer_logo.png","width":400,"height":100,"caption":"Gilla Cremer"},"image":{"@id":"https:\/\/www.gillacremer.de\/en#\/schema\/logo\/image\/"}}]}},"_links":{"self":[{"href":"https:\/\/www.gillacremer.de\/en\/wp-json\/wp\/v2\/pages\/1526","targetHints":{"allow":["GET"]}}],"collection":[{"href":"https:\/\/www.gillacremer.de\/en\/wp-json\/wp\/v2\/pages"}],"about":[{"href":"https:\/\/www.gillacremer.de\/en\/wp-json\/wp\/v2\/types\/page"}],"author":[{"embeddable":true,"href":"https:\/\/www.gillacremer.de\/en\/wp-json\/wp\/v2\/users\/1"}],"replies":[{"embeddable":true,"href":"https:\/\/www.gillacremer.de\/en\/wp-json\/wp\/v2\/comments?post=1526"}],"version-history":[{"count":5,"href":"https:\/\/www.gillacremer.de\/en\/wp-json\/wp\/v2\/pages\/1526\/revisions"}],"predecessor-version":[{"id":1740,"href":"https:\/\/www.gillacremer.de\/en\/wp-json\/wp\/v2\/pages\/1526\/revisions\/1740"}],"wp:attachment":[{"href":"https:\/\/www.gillacremer.de\/en\/wp-json\/wp\/v2\/media?parent=1526"}],"curies":[{"name":"wp","href":"https:\/\/api.w.org\/{rel}","templated":true}]}}